{"id":1199,"date":"-0001-11-30T00:00:00","date_gmt":"2018-11-19T18:09:56","guid":{"rendered":"http:\/\/ganau.com\/?page_id=1199"},"modified":"2018-12-03T14:20:24","modified_gmt":"2018-12-03T22:20:24","slug":"testulat","status":"publish","type":"page","link":"https:\/\/ganau.com\/fr\/nos-clients\/testulat\/","title":{"rendered":"Champagne Testulat"},"content":{"rendered":"<p>Fond\u00e9e en 1862, notre maison familiale collabore avec la soci\u00e9t\u00e9 GANAU depuis 12 ans, de par le niveau de performance de leurs bouchons, notre maison de champagne TESTULAT fait totalement confiance aux bouchons GANAU et nous leur confions l\u2019int\u00e9gralit\u00e9 de nos cuv\u00e9es. Nos vins les plus prestigieux sont \u00e9galement bouch\u00e9s avec les bouchons technologiques \u00ab\u00a0UNIQ\u00a0\u00bb de chez GANAU que nous recommandons vivement .<\/p>\n<p>Vincent Testulat<\/p>\n","protected":false},"excerpt":{"rendered":"<p>Fond\u00e9e en 1862, notre maison familiale collabore avec la soci\u00e9t\u00e9 GANAU depuis 12 ans, de par le niveau de performance de leurs bouchons, notre maison de champagne TESTULAT fait totalement confiance aux bouchons GANAU et nous leur confions l\u2019int\u00e9gralit\u00e9 de nos cuv\u00e9es. Nos vins les plus prestigieux sont \u00e9galement bouch\u00e9s avec les bouchons technologiques \u00ab\u00a0UNIQ\u00a0\u00bb&#8230;  <a href=\"https:\/\/ganau.com\/fr\/nos-clients\/testulat\/\" title=\"Read Champagne Testulat\">Read more &raquo;<\/a><\/p>\n","protected":false},"author":4,"featured_media":0,"parent":640,"menu_order":6,"comment_status":"closed","ping_status":"closed","template":"page-custom.php","meta":{"footnotes":""},"class_list":["post-1199","page","type-page","status-publish","hentry"],"_links":{"self":[{"href":"https:\/\/ganau.com\/fr\/wp-json\/wp\/v2\/pages\/1199\/"}],"collection":[{"href":"https:\/\/ganau.com\/fr\/wp-json\/wp\/v2\/pages\/"}],"about":[{"href":"https:\/\/ganau.com\/fr\/wp-json\/wp\/v2\/types\/page\/"}],"author":[{"embeddable":true,"href":"https:\/\/ganau.com\/fr\/wp-json\/wp\/v2\/users\/4\/"}],"replies":[{"embeddable":true,"href":"https:\/\/ganau.com\/fr\/wp-json\/wp\/v2\/comments\/?post=1199"}],"version-history":[{"count":0,"href":"https:\/\/ganau.com\/fr\/wp-json\/wp\/v2\/pages\/1199\/revisions\/"}],"up":[{"embeddable":true,"href":"https:\/\/ganau.com\/fr\/wp-json\/wp\/v2\/pages\/640\/"}],"wp:attachment":[{"href":"https:\/\/ganau.com\/fr\/wp-json\/wp\/v2\/media\/?parent=1199"}],"curies":[{"name":"wp","href":"https:\/\/api.w.org\/{rel}","templated":true}]}}