{"id":1817,"date":"2021-01-15T20:28:18","date_gmt":"2021-01-16T04:28:18","guid":{"rendered":"http:\/\/ganau.com\/bouchons-natureles\/epiq\/"},"modified":"2021-01-17T23:04:49","modified_gmt":"2021-01-18T07:04:49","slug":"epiq","status":"publish","type":"page","link":"https:\/\/ganau.com\/fr\/bouchons-natureles\/epiq\/","title":{"rendered":"EPIQ"},"content":{"rendered":"\n<div class=\"wp-block-button is-style-default\"><a class=\"wp-block-button__link has-text-color has-very-dark-black-color has-background has-very-light-deepskyblue-background-color\" href=\"https:\/\/player.vimeo.com\/video\/500116698?autoplay=1\">Cliquez ici pour voir pourquoi EPIQ est r\u00e9volutionnaire\u00a0\u00bb<\/a><\/div>\n\n\n\n<p><strong>EPIQ, le bouchon en li\u00e8ge pour bouteilles pr\u00e9mium<\/strong>.  EPIQ, le bouchon naturel sans du TCA (2,4,6-Trichloroanisole \u2264 0,5 ng \/ L).  Par \u00e0 un spectrom\u00e8tre de masse TOF-MS (Time of Flight &#8211; Mass Spectrometer) tr\u00e8s avanc\u00e9, VOCUS\u00ae permet d&rsquo;identifier les mol\u00e9cules de TCA pr\u00e9sentes dans un bouchon en li\u00e8ge bien en-dessous du seuil de perception sensorielle en corr\u00e9lation lin\u00e9aire avec la m\u00e9thode de d\u00e9termination du TCA lib\u00e9rable des bouchons en li\u00e8ge (norme ISO 20752) <\/p>\n","protected":false},"excerpt":{"rendered":"<p>Cliquez ici pour voir pourquoi EPIQ est r\u00e9volutionnaire\u00a0\u00bb EPIQ, le bouchon en li\u00e8ge pour bouteilles pr\u00e9mium. EPIQ, le bouchon naturel sans du TCA (2,4,6-Trichloroanisole \u2264 0,5 ng \/ L). Par \u00e0 un spectrom\u00e8tre de masse TOF-MS (Time of Flight &#8211; Mass Spectrometer) tr\u00e8s avanc\u00e9, VOCUS\u00ae permet d&rsquo;identifier les mol\u00e9cules de TCA pr\u00e9sentes dans un bouchon&#8230;  <a href=\"https:\/\/ganau.com\/fr\/bouchons-natureles\/epiq\/\" title=\"Read EPIQ\">Read more &raquo;<\/a><\/p>\n","protected":false},"author":4,"featured_media":0,"parent":620,"menu_order":1,"comment_status":"closed","ping_status":"closed","template":"page-custom.php","meta":{"footnotes":""},"class_list":["post-1817","page","type-page","status-publish","hentry"],"_links":{"self":[{"href":"https:\/\/ganau.com\/fr\/wp-json\/wp\/v2\/pages\/1817\/"}],"collection":[{"href":"https:\/\/ganau.com\/fr\/wp-json\/wp\/v2\/pages\/"}],"about":[{"href":"https:\/\/ganau.com\/fr\/wp-json\/wp\/v2\/types\/page\/"}],"author":[{"embeddable":true,"href":"https:\/\/ganau.com\/fr\/wp-json\/wp\/v2\/users\/4\/"}],"replies":[{"embeddable":true,"href":"https:\/\/ganau.com\/fr\/wp-json\/wp\/v2\/comments\/?post=1817"}],"version-history":[{"count":0,"href":"https:\/\/ganau.com\/fr\/wp-json\/wp\/v2\/pages\/1817\/revisions\/"}],"up":[{"embeddable":true,"href":"https:\/\/ganau.com\/fr\/wp-json\/wp\/v2\/pages\/620\/"}],"wp:attachment":[{"href":"https:\/\/ganau.com\/fr\/wp-json\/wp\/v2\/media\/?parent=1817"}],"curies":[{"name":"wp","href":"https:\/\/api.w.org\/{rel}","templated":true}]}}