{"id":621,"date":"2013-02-12T23:55:12","date_gmt":"2013-02-13T07:55:12","guid":{"rendered":"http:\/\/ganau.com\/ganau-home-2\/"},"modified":"2024-09-05T15:13:25","modified_gmt":"2024-09-05T22:13:25","slug":"ganau-home","status":"publish","type":"page","link":"https:\/\/ganau.com\/fr\/ganau-home\/","title":{"rendered":"Accueil"},"content":{"rendered":"<p>Fond\u00e9e sur l\u2019\u00eele italienne de la Sardaigne en 1941, Ganau allie plus de neuf d\u00e9cennies d\u2019exp\u00e9rience \u00e0 une technologie de pointe pour cr\u00e9er les meilleurs bouchons possible. Ganau, un des plus importants producteurs de bouchons au monde, est le premier choix des vinificateurs de marque qui privil\u00e9gient la puret\u00e9, la qualit\u00e9 et la fiabilit\u00e9.<\/p>\n<hr>\n","protected":false},"excerpt":{"rendered":"<p>Fond\u00e9e sur l\u2019\u00eele italienne de la Sardaigne en 1941, Ganau allie plus de neuf d\u00e9cennies d\u2019exp\u00e9rience \u00e0 une technologie de pointe pour cr\u00e9er les meilleurs bouchons possible. Ganau, un des plus importants producteurs de bouchons au monde, est le premier choix des vinificateurs de marque qui privil\u00e9gient la puret\u00e9, la qualit\u00e9 et la fiabilit\u00e9.<\/p>\n","protected":false},"author":1,"featured_media":0,"parent":0,"menu_order":1,"comment_status":"open","ping_status":"closed","template":"page-custom.php","meta":{"footnotes":""},"class_list":["post-621","page","type-page","status-publish","hentry"],"_links":{"self":[{"href":"https:\/\/ganau.com\/fr\/wp-json\/wp\/v2\/pages\/621\/"}],"collection":[{"href":"https:\/\/ganau.com\/fr\/wp-json\/wp\/v2\/pages\/"}],"about":[{"href":"https:\/\/ganau.com\/fr\/wp-json\/wp\/v2\/types\/page\/"}],"author":[{"embeddable":true,"href":"https:\/\/ganau.com\/fr\/wp-json\/wp\/v2\/users\/1\/"}],"replies":[{"embeddable":true,"href":"https:\/\/ganau.com\/fr\/wp-json\/wp\/v2\/comments\/?post=621"}],"version-history":[{"count":0,"href":"https:\/\/ganau.com\/fr\/wp-json\/wp\/v2\/pages\/621\/revisions\/"}],"wp:attachment":[{"href":"https:\/\/ganau.com\/fr\/wp-json\/wp\/v2\/media\/?parent=621"}],"curies":[{"name":"wp","href":"https:\/\/api.w.org\/{rel}","templated":true}]}}