{"id":639,"date":"2013-02-21T23:37:03","date_gmt":"2013-02-22T07:37:03","guid":{"rendered":"http:\/\/ganau.com\/quality-control-2\/"},"modified":"2024-09-05T15:16:53","modified_gmt":"2024-09-05T22:16:53","slug":"controle-qualite","status":"publish","type":"page","link":"https:\/\/ganau.com\/fr\/controle-qualite\/","title":{"rendered":"Contr\u00f4le de la qualit\u00e9"},"content":{"rendered":"<p>Ganau a pr\u00e9serv\u00e9 sa longue r\u00e9putation de qualit\u00e9 in\u00e9gal\u00e9e en d\u00e9veloppant des m\u00e9thodes de nettoyage et du contr\u00f4le de la qualit\u00e9, qui sont des figures de proue de la r\u00e9duction des d\u00e9viations des bouchons de li\u00e8ge. Au-del\u00e0 de l\u2019objectif ultime d\u2019\u00e9liminer les d\u00e9viations, l\u2019int\u00e9gration d\u2019un contr\u00f4le de la qualit\u00e9 rigoureux par Ganau tout au long du processus de production garantit des r\u00e9sultats uniformes pour toutes ses gammes de bouchons.<\/p>\n<p>&nbsp;<\/p>\n","protected":false},"excerpt":{"rendered":"<p>Ganau a pr\u00e9serv\u00e9 sa longue r\u00e9putation de qualit\u00e9 in\u00e9gal\u00e9e en d\u00e9veloppant des m\u00e9thodes de nettoyage et du contr\u00f4le de la qualit\u00e9, qui sont des figures de proue de la r\u00e9duction des d\u00e9viations des bouchons de li\u00e8ge. Au-del\u00e0 de l\u2019objectif ultime d\u2019\u00e9liminer les d\u00e9viations, l\u2019int\u00e9gration d\u2019un contr\u00f4le de la qualit\u00e9 rigoureux par Ganau tout au long&#8230;  <a href=\"https:\/\/ganau.com\/fr\/controle-qualite\/\" title=\"Read Contr\u00f4le de la qualit\u00e9\">Read more &raquo;<\/a><\/p>\n","protected":false},"author":1,"featured_media":0,"parent":0,"menu_order":6,"comment_status":"open","ping_status":"closed","template":"page-custom.php","meta":{"footnotes":""},"class_list":["post-639","page","type-page","status-publish","hentry"],"_links":{"self":[{"href":"https:\/\/ganau.com\/fr\/wp-json\/wp\/v2\/pages\/639\/"}],"collection":[{"href":"https:\/\/ganau.com\/fr\/wp-json\/wp\/v2\/pages\/"}],"about":[{"href":"https:\/\/ganau.com\/fr\/wp-json\/wp\/v2\/types\/page\/"}],"author":[{"embeddable":true,"href":"https:\/\/ganau.com\/fr\/wp-json\/wp\/v2\/users\/1\/"}],"replies":[{"embeddable":true,"href":"https:\/\/ganau.com\/fr\/wp-json\/wp\/v2\/comments\/?post=639"}],"version-history":[{"count":0,"href":"https:\/\/ganau.com\/fr\/wp-json\/wp\/v2\/pages\/639\/revisions\/"}],"wp:attachment":[{"href":"https:\/\/ganau.com\/fr\/wp-json\/wp\/v2\/media\/?parent=639"}],"curies":[{"name":"wp","href":"https:\/\/api.w.org\/{rel}","templated":true}]}}