{"id":650,"date":"2013-02-21T23:27:16","date_gmt":"2013-02-22T07:27:16","guid":{"rendered":"http:\/\/ganau.com\/sparkling-cork\/uniq-sparkling\/"},"modified":"2024-09-11T17:34:23","modified_gmt":"2024-09-12T00:34:23","slug":"uniq-champagne","status":"publish","type":"page","link":"https:\/\/ganau.com\/fr\/champagne\/uniq-champagne\/","title":{"rendered":"UNIQ Perlage"},"content":{"rendered":"<p>Les bouchons de la gamme UNIQ de Ganau sont constitu\u00e9s de microgranul\u00e9s assembl\u00e9s avec pr\u00e9cision. Ils offrent diff\u00e9rents &nbsp;avantages comme une r\u00e9duction importante de la teneur en TCA, un excellent r\u00e9sultat organoleptique, un taux de r\u00e9cup\u00e9ration rapide et un d\u00e9bouchage facile.<\/p>\n<p>Les bouchons UNIQ sont constitu\u00e9s de microgranul\u00e9s s\u00e9lectionn\u00e9s pour leur taille uniforme d\u2019au plus 1&nbsp;mm, et de microsph\u00e8res de haute technologie, li\u00e9s par un agent neutre. Ils ont re\u00e7u l\u2019approbation des maisons de Champagne fran\u00e7aises les plus r\u00e9put\u00e9es, ainsi que du Comit\u00e9 Interprofessionnel du Vin de Champagne apr\u00e8s un examen rigoureux.<\/p>\n","protected":false},"excerpt":{"rendered":"<p>Les bouchons de la gamme UNIQ de Ganau sont constitu\u00e9s de microgranul\u00e9s assembl\u00e9s avec pr\u00e9cision. Ils offrent diff\u00e9rents &nbsp;avantages comme une r\u00e9duction importante de la teneur en TCA, un excellent r\u00e9sultat organoleptique, un taux de r\u00e9cup\u00e9ration rapide et un d\u00e9bouchage facile. Les bouchons UNIQ sont constitu\u00e9s de microgranul\u00e9s s\u00e9lectionn\u00e9s pour leur taille uniforme d\u2019au plus&#8230;  <a href=\"https:\/\/ganau.com\/fr\/champagne\/uniq-champagne\/\" title=\"Read UNIQ Perlage\">Read more &raquo;<\/a><\/p>\n","protected":false},"author":1,"featured_media":0,"parent":636,"menu_order":1,"comment_status":"open","ping_status":"closed","template":"page-custom.php","meta":{"footnotes":""},"class_list":["post-650","page","type-page","status-publish","hentry"],"_links":{"self":[{"href":"https:\/\/ganau.com\/fr\/wp-json\/wp\/v2\/pages\/650\/"}],"collection":[{"href":"https:\/\/ganau.com\/fr\/wp-json\/wp\/v2\/pages\/"}],"about":[{"href":"https:\/\/ganau.com\/fr\/wp-json\/wp\/v2\/types\/page\/"}],"author":[{"embeddable":true,"href":"https:\/\/ganau.com\/fr\/wp-json\/wp\/v2\/users\/1\/"}],"replies":[{"embeddable":true,"href":"https:\/\/ganau.com\/fr\/wp-json\/wp\/v2\/comments\/?post=650"}],"version-history":[{"count":0,"href":"https:\/\/ganau.com\/fr\/wp-json\/wp\/v2\/pages\/650\/revisions\/"}],"up":[{"embeddable":true,"href":"https:\/\/ganau.com\/fr\/wp-json\/wp\/v2\/pages\/636\/"}],"wp:attachment":[{"href":"https:\/\/ganau.com\/fr\/wp-json\/wp\/v2\/media\/?parent=650"}],"curies":[{"name":"wp","href":"https:\/\/api.w.org\/{rel}","templated":true}]}}