{"id":674,"date":"2013-02-21T23:34:27","date_gmt":"2013-02-22T07:34:27","guid":{"rendered":"http:\/\/ganau.com\/ganau-method\/individual-molding\/"},"modified":"2014-06-05T11:18:23","modified_gmt":"2014-06-05T18:18:23","slug":"moulage-individuel","status":"publish","type":"page","link":"https:\/\/ganau.com\/fr\/processus\/moulage-individuel\/","title":{"rendered":"Moulage individuel"},"content":{"rendered":"<p>Apr\u00e8s le nettoyage et l\u2019examen du TCA, les granul\u00e9s sont moul\u00e9s afin de produire les bouchons agglom\u00e9r\u00e9s de Ganau. Tous les bouchons techniques de Ganau sont moul\u00e9s individuellement et non pas extrud\u00e9s, permettant ainsi d\u2019obtenir des densit\u00e9s uniformes n\u00e9cessitant un minimum de liant.<\/p>\n<p>&nbsp;<\/p>\n<p>&nbsp;<\/p>\n","protected":false},"excerpt":{"rendered":"<p>Apr\u00e8s le nettoyage et l\u2019examen du TCA, les granul\u00e9s sont moul\u00e9s afin de produire les bouchons agglom\u00e9r\u00e9s de Ganau. Tous les bouchons techniques de Ganau sont moul\u00e9s individuellement et non pas extrud\u00e9s, permettant ainsi d\u2019obtenir des densit\u00e9s uniformes n\u00e9cessitant un minimum de liant. &nbsp; &nbsp;<\/p>\n","protected":false},"author":1,"featured_media":0,"parent":638,"menu_order":7,"comment_status":"open","ping_status":"closed","template":"page-custom.php","meta":{"footnotes":""},"class_list":["post-674","page","type-page","status-publish","hentry"],"_links":{"self":[{"href":"https:\/\/ganau.com\/fr\/wp-json\/wp\/v2\/pages\/674\/"}],"collection":[{"href":"https:\/\/ganau.com\/fr\/wp-json\/wp\/v2\/pages\/"}],"about":[{"href":"https:\/\/ganau.com\/fr\/wp-json\/wp\/v2\/types\/page\/"}],"author":[{"embeddable":true,"href":"https:\/\/ganau.com\/fr\/wp-json\/wp\/v2\/users\/1\/"}],"replies":[{"embeddable":true,"href":"https:\/\/ganau.com\/fr\/wp-json\/wp\/v2\/comments\/?post=674"}],"version-history":[{"count":0,"href":"https:\/\/ganau.com\/fr\/wp-json\/wp\/v2\/pages\/674\/revisions\/"}],"up":[{"embeddable":true,"href":"https:\/\/ganau.com\/fr\/wp-json\/wp\/v2\/pages\/638\/"}],"wp:attachment":[{"href":"https:\/\/ganau.com\/fr\/wp-json\/wp\/v2\/media\/?parent=674"}],"curies":[{"name":"wp","href":"https:\/\/api.w.org\/{rel}","templated":true}]}}