{"id":1449,"date":"2019-10-16T13:28:24","date_gmt":"2019-10-16T20:28:24","guid":{"rendered":"http:\/\/ganau.com\/?page_id=1449"},"modified":"2024-09-12T16:04:52","modified_gmt":"2024-09-12T23:04:52","slug":"phenix","status":"publish","type":"page","link":"https:\/\/ganau.com\/it\/tappi-spumanti\/phenix\/","title":{"rendered":"Ph\u00e9nix Spumante"},"content":{"rendered":"\n<p>Il tappo per vini Spumanti e Champagne\n\u201cPh\u00e9nix\u201d \u00e8 stato sviluppato nel laboratorio Ricerca e Sviluppo della nostra\nazienda dopo diversi anni di sperimentazione e test in bottiglia. L&#8217;obiettivo\nche ci siamo prefissati \u00e8 stato quello di sviluppare un nuovo tappo di sughero\nche unisca la tecnologia e l\u2019affidabilit\u00e0 del nostro tappo \u201cUNIQ\u201d e le\nprestazioni di una rondella di sughero naturale di alta qualit\u00e0. Cos\u00ec \u00e8 nato un\nnuovo concetto di tappo, che riflette pienamente il nostro slogan \u201cCork\nTradition &amp; Technology\u201d, un compromesso tra l&#8217;eccellenza del sughero\nnaturale e la migliore tecnologia. L\u2019azienda Ganau continua a essere innovativa\ne pioniera nello sviluppo di un nuovo concetto per fare rivivere il sughero\nnaturale, il \u201cPh\u00e9nix\u201d.<\/p>\n","protected":false},"excerpt":{"rendered":"<p>Il tappo per vini Spumanti e Champagne \u201cPh\u00e9nix\u201d \u00e8 stato sviluppato nel laboratorio Ricerca e Sviluppo della nostra azienda dopo diversi anni di sperimentazione e test in bottiglia. L&#8217;obiettivo che ci siamo prefissati \u00e8 stato quello di sviluppare un nuovo tappo di sughero che unisca la tecnologia e l\u2019affidabilit\u00e0 del nostro tappo \u201cUNIQ\u201d e le&#8230;  <a href=\"https:\/\/ganau.com\/it\/tappi-spumanti\/phenix\/\" title=\"Read Ph\u00e9nix Spumante\">Read more &raquo;<\/a><\/p>\n","protected":false},"author":4,"featured_media":0,"parent":637,"menu_order":4,"comment_status":"closed","ping_status":"closed","template":"page-custom.php","meta":{"footnotes":""},"class_list":["post-1449","page","type-page","status-publish","hentry"],"_links":{"self":[{"href":"https:\/\/ganau.com\/it\/wp-json\/wp\/v2\/pages\/1449\/"}],"collection":[{"href":"https:\/\/ganau.com\/it\/wp-json\/wp\/v2\/pages\/"}],"about":[{"href":"https:\/\/ganau.com\/it\/wp-json\/wp\/v2\/types\/page\/"}],"author":[{"embeddable":true,"href":"https:\/\/ganau.com\/it\/wp-json\/wp\/v2\/users\/4\/"}],"replies":[{"embeddable":true,"href":"https:\/\/ganau.com\/it\/wp-json\/wp\/v2\/comments\/?post=1449"}],"version-history":[{"count":0,"href":"https:\/\/ganau.com\/it\/wp-json\/wp\/v2\/pages\/1449\/revisions\/"}],"up":[{"embeddable":true,"href":"https:\/\/ganau.com\/it\/wp-json\/wp\/v2\/pages\/637\/"}],"wp:attachment":[{"href":"https:\/\/ganau.com\/it\/wp-json\/wp\/v2\/media\/?parent=1449"}],"curies":[{"name":"wp","href":"https:\/\/api.w.org\/{rel}","templated":true}]}}