{"id":1472,"date":"2019-10-17T14:31:55","date_gmt":"2019-10-17T21:31:55","guid":{"rendered":"http:\/\/ganau.com\/?page_id=1472"},"modified":"2024-09-12T16:01:14","modified_gmt":"2024-09-12T23:01:14","slug":"phenix-vino","status":"publish","type":"page","link":"https:\/\/ganau.com\/it\/tappi-tecnici\/phenix-vino\/","title":{"rendered":"Ph\u00e9nix"},"content":{"rendered":"\n<p> Il tappo per vini fermi \u201cPh\u00e9nix\u201d \u00e8 stato sviluppato nel  laboratorio Ricerca e Sviluppo della nostra azienda dopo diversi anni di  sperimentazione e test in bottiglia. L&#8217;obiettivo che ci siamo  prefissati \u00e8 stato quello di sviluppare un nuovo tappo di sughero che  unisca la tecnologia e l\u2019affidabilit\u00e0 del nostro tappo \u201cUNIQ\u201d e le  prestazioni di delle rondelle di sughero naturale di alta qualit\u00e0. Cos\u00ec \u00e8  nato un nuovo concetto di tappo, che riflette pienamente il nostro  slogan \u201cCork Tradition &amp; Technology\u201d, un compromesso tra  l&#8217;eccellenza del sughero naturale e la migliore tecnologia. L\u2019azienda  Ganau continua a essere innovativa e pioniera nello sviluppo di un nuovo  concetto per fare rivivere il sughero naturale, il \u201cPh\u00e9nix\u201d. <\/p>\n","protected":false},"excerpt":{"rendered":"<p>Il tappo per vini fermi \u201cPh\u00e9nix\u201d \u00e8 stato sviluppato nel laboratorio Ricerca e Sviluppo della nostra azienda dopo diversi anni di sperimentazione e test in bottiglia. L&#8217;obiettivo che ci siamo prefissati \u00e8 stato quello di sviluppare un nuovo tappo di sughero che unisca la tecnologia e l\u2019affidabilit\u00e0 del nostro tappo \u201cUNIQ\u201d e le prestazioni di&#8230;  <a href=\"https:\/\/ganau.com\/it\/tappi-tecnici\/phenix-vino\/\" title=\"Read Ph\u00e9nix\">Read more &raquo;<\/a><\/p>\n","protected":false},"author":4,"featured_media":0,"parent":626,"menu_order":3,"comment_status":"closed","ping_status":"closed","template":"page-custom.php","meta":{"footnotes":""},"class_list":["post-1472","page","type-page","status-publish","hentry"],"_links":{"self":[{"href":"https:\/\/ganau.com\/it\/wp-json\/wp\/v2\/pages\/1472\/"}],"collection":[{"href":"https:\/\/ganau.com\/it\/wp-json\/wp\/v2\/pages\/"}],"about":[{"href":"https:\/\/ganau.com\/it\/wp-json\/wp\/v2\/types\/page\/"}],"author":[{"embeddable":true,"href":"https:\/\/ganau.com\/it\/wp-json\/wp\/v2\/users\/4\/"}],"replies":[{"embeddable":true,"href":"https:\/\/ganau.com\/it\/wp-json\/wp\/v2\/comments\/?post=1472"}],"version-history":[{"count":0,"href":"https:\/\/ganau.com\/it\/wp-json\/wp\/v2\/pages\/1472\/revisions\/"}],"up":[{"embeddable":true,"href":"https:\/\/ganau.com\/it\/wp-json\/wp\/v2\/pages\/626\/"}],"wp:attachment":[{"href":"https:\/\/ganau.com\/it\/wp-json\/wp\/v2\/media\/?parent=1472"}],"curies":[{"name":"wp","href":"https:\/\/api.w.org\/{rel}","templated":true}]}}