{"id":623,"date":"2013-02-12T23:55:12","date_gmt":"2013-02-13T07:55:12","guid":{"rendered":"http:\/\/ganau.com\/ganau-home-2\/"},"modified":"2024-09-16T12:50:06","modified_gmt":"2024-09-16T19:50:06","slug":"home","status":"publish","type":"page","link":"https:\/\/ganau.com\/it\/home\/","title":{"rendered":"Decenni di esperienza a sostegno dell\u2019innovazione"},"content":{"rendered":"<p>Ganau \u00e8 leader indiscusso nella produzione di tappi di sughero. Il suo impegno costante a fornire prodotti di qualit\u00e0 superiore si basa su decenni di esperienza uniti all\u2019applicazione delle tecnologie pi\u00f9 all\u2019avanguardia. Ganau \u00e8 la scelta dei pi\u00f9 grandi produttori di vino al mondo, estimatori di prodotti puri, ad alto livello di performance e di affidabilit\u00e0.<\/p>\n<hr>\n","protected":false},"excerpt":{"rendered":"<p>Ganau \u00e8 leader indiscusso nella produzione di tappi di sughero. Il suo impegno costante a fornire prodotti di qualit\u00e0 superiore si basa su decenni di esperienza uniti all\u2019applicazione delle tecnologie pi\u00f9 all\u2019avanguardia. Ganau \u00e8 la scelta dei pi\u00f9 grandi produttori di vino al mondo, estimatori di prodotti puri, ad alto livello di performance e di&#8230;  <a href=\"https:\/\/ganau.com\/it\/home\/\" title=\"Read Decenni di esperienza a sostegno dell\u2019innovazione\">Read more &raquo;<\/a><\/p>\n","protected":false},"author":1,"featured_media":0,"parent":0,"menu_order":0,"comment_status":"open","ping_status":"closed","template":"page-custom.php","meta":{"footnotes":""},"class_list":["post-623","page","type-page","status-publish","hentry"],"_links":{"self":[{"href":"https:\/\/ganau.com\/it\/wp-json\/wp\/v2\/pages\/623\/"}],"collection":[{"href":"https:\/\/ganau.com\/it\/wp-json\/wp\/v2\/pages\/"}],"about":[{"href":"https:\/\/ganau.com\/it\/wp-json\/wp\/v2\/types\/page\/"}],"author":[{"embeddable":true,"href":"https:\/\/ganau.com\/it\/wp-json\/wp\/v2\/users\/1\/"}],"replies":[{"embeddable":true,"href":"https:\/\/ganau.com\/it\/wp-json\/wp\/v2\/comments\/?post=623"}],"version-history":[{"count":0,"href":"https:\/\/ganau.com\/it\/wp-json\/wp\/v2\/pages\/623\/revisions\/"}],"wp:attachment":[{"href":"https:\/\/ganau.com\/it\/wp-json\/wp\/v2\/media\/?parent=623"}],"curies":[{"name":"wp","href":"https:\/\/api.w.org\/{rel}","templated":true}]}}